{"id":37,"date":"2024-10-08T11:06:34","date_gmt":"2024-10-08T08:06:34","guid":{"rendered":"https:\/\/iren-agro.com\/esp\/?page_id=37"},"modified":"2024-10-08T11:10:39","modified_gmt":"2024-10-08T08:10:39","slug":"about-us","status":"publish","type":"page","link":"https:\/\/iren-agro.com\/esp\/about-us\/","title":{"rendered":"Acerca de nosotro"},"content":{"rendered":"<section class=\"l-section wpb_row height_medium with_img\"><div class=\"l-section-img\" style=\"background-image: url(https:\/\/iren-agro.com\/esp\/wp-content\/uploads\/2024\/10\/iren-bg6-100.jpg);\" data-img-width=\"2015\" data-img-height=\"1202\"><\/div><div class=\"l-section-h g-html i-cf\"><div class=\"g-cols offset_small\"><div class=\" full-width\"><div class=\"ult-animation  ult-animate-viewport  ult-no-mobile\" data-animate=\"fadeIn\" data-animation-delay=\"0\" data-animation-duration=\"3\" data-animation-iteration=\"1\" style=\"opacity:0;\" data-opacity_start_effect=\"\">[vc_custom_heading text=&#187;acerca de nosotros&#187; font_container=&#187;tag:h2|font_size:18|text_align:center|color:%231467c3&#8243; google_fonts=&#187;font_family:Signika%3A300%2Cregular%2C600%2C700|font_style:400%20regular%3A400%3Anormal&#187;][vc_custom_heading text=&#187;Nuestra historia&#187; font_container=&#187;tag:h2|font_size:36|text_align:center|color:%23fdc101&#8243; google_fonts=&#187;font_family:Signika%3A300%2Cregular%2C600%2C700|font_style:600%20bold%20regular%3A600%3Anormal&#187;]<\/div><div class=\"ult-spacer spacer-69f49ffcb9faf\" data-id=\"69f49ffcb9faf\" data-height=\"32\" data-height-mobile=\"32\" data-height-tab=\"32\" data-height-tab-portrait=\"\" data-height-mobile-landscape=\"\" style=\"clear:both;display:block;\"><\/div><div class=\"g-cols wpb_row offset_small vc_inner \"><div class=\" one-half\"><div class=\"ult-animation  ult-animate-viewport  ult-no-mobile\" data-animate=\"fadeIn\" data-animation-delay=\"0\" data-animation-duration=\"3\" data-animation-iteration=\"1\" style=\"opacity:0;\" data-opacity_start_effect=\"\">[vc_custom_heading text=&#187;Me llamo Serhiy Parashchenko y soy un agricultor con m\u00e1s de 20 a\u00f1os de experiencia en el cultivo del ajo. He dedicado toda mi vida a encontrar la variedad de ajo perfecta que combine alto rendimiento, resistencia a las enfermedades y reproducci\u00f3n r\u00e1pida. Tras muchos a\u00f1os de trabajo de mejora gen\u00e9tica en Ucrania, en 2018 registr\u00e9 mi propia variedad de ajo: \u00abIren\u00bb. Esta variedad se ha convertido en un referente para muchos agricultores debido a sus propiedades \u00fanicas.<\/p>\n<p>En 2022, continu\u00e9 mis actividades en Espa\u00f1a, un pa\u00eds con un clima ideal para el cultivo del ajo. Aqu\u00ed prob\u00e9 mi variedad \u00abIren\u00bb en nuevas condiciones, y los resultados superaron todas las expectativas. La variedad no s\u00f3lo se adapt\u00f3 con \u00e9xito al clima espa\u00f1ol, sino que tambi\u00e9n demostr\u00f3 rendimientos incluso mejores que en Ucrania. En una temporada, de un bulbo de aire crece una cabeza de ajo en toda regla, lo que hace que la tecnolog\u00eda de cultivo sea econ\u00f3micamente rentable y eficaz.<\/p>\n<p>En la actualidad, cooperamos activamente con los agricultores espa\u00f1oles, introduciendo m\u00e9todos innovadores de cultivo del ajo con la variedad \u00abIrene\u00bb. Estamos abiertos a nuevos proyectos de colaboraci\u00f3n y nos esforzamos por compartir nuestros conocimientos y tecnolog\u00edas con todo aquel que est\u00e9 interesado en aumentar la productividad y rentabilidad de sus explotaciones.&#187; font_container=&#187;tag:h2|font_size:18|text_align:left|color:%231e1e1e&#187; google_fonts=&#187;font_family:Signika%3A300%2Cregular%2C600%2C700|font_style:400%20regular%3A400%3Anormal&#187;]<\/div><\/div><div class=\" one-half\"><div class=\"ult-animation  ult-animate-viewport  ult-no-mobile\" data-animate=\"tada\" data-animation-delay=\"0\" data-animation-duration=\"3\" data-animation-iteration=\"1\" style=\"opacity:0;\" data-opacity_start_effect=\"\"><div class=\"ult-just-icon-wrapper \"><div class=\"align-icon\" style=\"text-align:center;\">\n<div class=\"aio-icon-img \" style=\"font-size:600px;display:inline-block;\" >\n\t<img decoding=\"async\" class=\"img-icon\" alt=\"\" src=\"https:\/\/iren-agro.com\/wp-content\/uploads\/2024\/10\/iren-photo.png\"\/>\n<\/div><\/div><\/div><\/div><\/div><\/div><\/div><\/div><\/div><\/section><section class=\"l-section wpb_row height_medium with_img\"><div class=\"l-section-img\" style=\"background-image: url(https:\/\/iren-agro.com\/esp\/wp-content\/uploads\/2024\/10\/iren-bg7-100.jpg);\" data-img-width=\"2108\" data-img-height=\"1387\"><\/div><div class=\"l-section-h g-html i-cf\"><div class=\"g-cols offset_small\"><div class=\" full-width\"><div class=\"ult-animation  ult-animate-viewport  ult-no-mobile\" data-animate=\"fadeIn\" data-animation-delay=\"0\" data-animation-duration=\"3\" data-animation-iteration=\"1\" style=\"opacity:0;\" data-opacity_start_effect=\"\">[vc_custom_heading text=&#187;cooperaci\u00f3n fruct\u00edfera &#187; font_container=&#187;tag:h2|font_size:18|text_align:center|color:%23ffffff&#187; google_fonts=&#187;font_family:Ubuntu%3A300%2C300italic%2Cregular%2Citalic%2C500%2C500italic%2C700%2C700italic|font_style:400%20regular%3A400%3Anormal&#187;][vc_custom_heading text=&#187;Nuestro objetivo de cooperaci\u00f3n&#187; font_container=&#187;tag:h2|font_size:36|text_align:center|color:%23ffffff&#187; google_fonts=&#187;font_family:Signika%3A300%2Cregular%2C600%2C700|font_style:600%20bold%20regular%3A600%3Anormal&#187;]<\/div><div class=\"ult-spacer spacer-69f49ffcbb700\" data-id=\"69f49ffcbb700\" data-height=\"32\" data-height-mobile=\"32\" data-height-tab=\"32\" data-height-tab-portrait=\"\" data-height-mobile-landscape=\"\" style=\"clear:both;display:block;\"><\/div><div class=\"g-cols wpb_row offset_small vc_inner \"><div class=\" one-half\"><div class=\"ult-animation  ult-animate-viewport  ult-no-mobile\" data-animate=\"fadeIn\" data-animation-delay=\"0\" data-animation-duration=\"3\" data-animation-iteration=\"1\" style=\"opacity:0;\" data-opacity_start_effect=\"\"><div class=\"ult-content-box-container \" >\t\t<div class=\"ult-content-box\" style=\"background-image:url('https:\/\/iren-agro.com\/esp\/wp-content\/uploads\/2024\/10\/iren-bg8-1024x644.png');background-size: cover;background-repeat: repeat;background-position: center center;background-color: rgba(0, 0, 0, 0);box-shadow: px px px px none;border-style:solid;border-width:0px;border-radius:30px;padding-top:20px;padding-right:40px;padding-bottom:20px;padding-left:40px;-webkit-transition: all 700ms ease;-moz-transition: all 700ms ease;-ms-transition: all 700ms ease;-o-transition: all 700ms ease;transition: all 700ms ease;\"  data-hover_box_shadow=\"none\"     data-border_color=\"\" >[vc_custom_heading text=&#187;01&#8243; font_container=&#187;tag:h2|font_size:50|text_align:left|color:%231467c3&#8243; google_fonts=&#187;font_family:Signika%3A300%2Cregular%2C600%2C700|font_style:400%20regular%3A400%3Anormal&#187;][vc_custom_heading text=&#187;<strong>Implantaci\u00f3n de soluciones innovadoras<\/strong><\/p>\n<p>Nos esforzamos por hacer que el cultivo del ajo sea m\u00e1s eficiente y econ\u00f3micamente rentable, utilizando tecnolog\u00edas avanzadas y la variedad \u00fanica &#171;Iren&#171;.&#187; font_container=&#187;tag:h2|font_size:18|text_align:left|color:%231e1e1e&#187; google_fonts=&#187;font_family:Signika%3A300%2Cregular%2C600%2C700|font_style:400%20regular%3A400%3Anormal&#187;]\t\t<\/div><\/div><\/div><\/div><div class=\" one-half\"><div class=\"ult-animation  ult-animate-viewport  ult-no-mobile\" data-animate=\"fadeIn\" data-animation-delay=\"0\" data-animation-duration=\"3\" data-animation-iteration=\"1\" style=\"opacity:0;\" data-opacity_start_effect=\"\"><div class=\"ult-content-box-container \" >\t\t<div class=\"ult-content-box\" style=\"background-image:url('https:\/\/iren-agro.com\/esp\/wp-content\/uploads\/2024\/10\/iren-bg8-1024x644.png');background-size: cover;background-repeat: repeat;background-position: center center;background-color: rgba(0, 0, 0, 0);box-shadow: px px px px none;border-style:solid;border-width:0px;border-radius:30px;padding-top:20px;padding-right:40px;padding-bottom:20px;padding-left:40px;-webkit-transition: all 700ms ease;-moz-transition: all 700ms ease;-ms-transition: all 700ms ease;-o-transition: all 700ms ease;transition: all 700ms ease;\"  data-hover_box_shadow=\"none\"     data-border_color=\"\" >[vc_custom_heading text=&#187;02&#8243; font_container=&#187;tag:h2|font_size:50|text_align:left|color:%231467c3&#8243; google_fonts=&#187;font_family:Signika%3A300%2Cregular%2C600%2C700|font_style:400%20regular%3A400%3Anormal&#187;][vc_custom_heading text=&#187;<strong>Cooperaci\u00f3n internacional<\/strong><\/p>\n<p>Nuestro objetivo es desarrollar asociaciones con agricultores e inversores ofreci\u00e9ndoles la variedad Irene, que ha demostrado su eficacia en Ucrania y Espa\u00f1a.&#187; font_container=&#187;tag:h2|font_size:18|text_align:left|color:%231e1e1e&#187; google_fonts=&#187;font_family:Signika%3A300%2Cregular%2C600%2C700|font_style:400%20regular%3A400%3Anormal&#187;]\t\t<\/div><\/div><\/div><\/div><\/div><div class=\"ult-spacer spacer-69f49ffcbc336\" data-id=\"69f49ffcbc336\" data-height=\"32\" data-height-mobile=\"32\" data-height-tab=\"32\" data-height-tab-portrait=\"\" data-height-mobile-landscape=\"\" style=\"clear:both;display:block;\"><\/div><div class=\"g-cols wpb_row offset_small vc_inner \"><div class=\" one-half\"><div class=\"ult-animation  ult-animate-viewport  ult-no-mobile\" data-animate=\"fadeIn\" data-animation-delay=\"0\" data-animation-duration=\"3\" data-animation-iteration=\"1\" style=\"opacity:0;\" data-opacity_start_effect=\"\"><div class=\"ult-content-box-container \" >\t\t<div class=\"ult-content-box\" style=\"background-image:url('https:\/\/iren-agro.com\/esp\/wp-content\/uploads\/2024\/10\/iren-bg8-1024x644.png');background-size: cover;background-repeat: repeat;background-position: center center;background-color: rgba(0, 0, 0, 0);box-shadow: px px px px none;border-style:solid;border-width:0px;border-radius:30px;padding-top:20px;padding-right:40px;padding-bottom:20px;padding-left:40px;-webkit-transition: all 700ms ease;-moz-transition: all 700ms ease;-ms-transition: all 700ms ease;-o-transition: all 700ms ease;transition: all 700ms ease;\"  data-hover_box_shadow=\"none\"     data-border_color=\"\" >[vc_custom_heading text=&#187;03&#8243; font_container=&#187;tag:h2|font_size:50|text_align:left|color:%231467c3&#8243; google_fonts=&#187;font_family:Signika%3A300%2Cregular%2C600%2C700|font_style:400%20regular%3A400%3Anormal&#187;][vc_custom_heading text=&#187;<strong>Reducci\u00f3n de costes y aumento de la productividad<\/strong><\/p>\n<p>Gracias a nuestra tecnolog\u00eda de cultivo a partir de bulbos de aire, los agricultores pueden reducir entre 4 y 5 veces el coste del material de siembra y obtener altos rendimientos.&#187; font_container=&#187;tag:h2|font_size:18|text_align:left|color:%231e1e1e&#187; google_fonts=&#187;font_family:Signika%3A300%2Cregular%2C600%2C700|font_style:400%20regular%3A400%3Anormal&#187;]\t\t<\/div><\/div><\/div><\/div><div class=\" one-half\"><div class=\"ult-animation  ult-animate-viewport  ult-no-mobile\" data-animate=\"fadeIn\" data-animation-delay=\"0\" data-animation-duration=\"3\" data-animation-iteration=\"1\" style=\"opacity:0;\" data-opacity_start_effect=\"\"><div class=\"ult-content-box-container \" >\t\t<div class=\"ult-content-box\" style=\"background-image:url('https:\/\/iren-agro.com\/esp\/wp-content\/uploads\/2024\/10\/iren-bg8-1024x644.png');background-size: cover;background-repeat: repeat;background-position: center center;background-color: rgba(0, 0, 0, 0);box-shadow: px px px px none;border-style:solid;border-width:0px;border-radius:30px;padding-top:20px;padding-right:40px;padding-bottom:20px;padding-left:40px;-webkit-transition: all 700ms ease;-moz-transition: all 700ms ease;-ms-transition: all 700ms ease;-o-transition: all 700ms ease;transition: all 700ms ease;\"  data-hover_box_shadow=\"none\"     data-border_color=\"\" >[vc_custom_heading text=&#187;04&#8243; font_container=&#187;tag:h2|font_size:50|text_align:left|color:%231467c3&#8243; google_fonts=&#187;font_family:Signika%3A300%2Cregular%2C600%2C700|font_style:400%20regular%3A400%3Anormal&#187;][vc_custom_heading text=&#187;<strong>Apoyo al \u00e9xito de la agroindustria<\/strong><\/p>\n<p>Ayudamos a nuestros socios a tener \u00e9xito en la agroindustria haciendo que el cultivo del ajo sea m\u00e1s rentable y<br \/>\nsostenible.&#187; font_container=&#187;tag:h2|font_size:18|text_align:left|color:%231e1e1e&#187; google_fonts=&#187;font_family:Signika%3A300%2Cregular%2C600%2C700|font_style:400%20regular%3A400%3Anormal&#187;]\t\t<\/div><\/div><\/div><\/div><\/div><\/div><\/div><\/div><\/section><section class=\"l-section wpb_row height_medium\"><div class=\"l-section-h g-html i-cf\"><div class=\"g-cols offset_small\"><div class=\" full-width\"><div class=\"ult-animation  ult-animate-viewport  ult-no-mobile\" data-animate=\"fadeIn\" data-animation-delay=\"0\" data-animation-duration=\"3\" data-animation-iteration=\"1\" style=\"opacity:0;\" data-opacity_start_effect=\"\">[vc_custom_heading text=&#187;certificados&#187; font_container=&#187;tag:h2|font_size:18|text_align:center|color:%231467c3&#8243; google_fonts=&#187;font_family:Signika%3A300%2Cregular%2C600%2C700|font_style:400%20regular%3A400%3Anormal&#187;][vc_custom_heading text=&#187;Profesionales de nuestra empresa&#187; font_container=&#187;tag:h2|font_size:36|text_align:center|color:%23fdc101&#8243; google_fonts=&#187;font_family:Signika%3A300%2Cregular%2C600%2C700|font_style:300%20light%20regular%3A300%3Anormal&#187;]<\/div><div class=\"ult-spacer spacer-69f49ffcbcfd3\" data-id=\"69f49ffcbcfd3\" data-height=\"32\" data-height-mobile=\"32\" data-height-tab=\"32\" data-height-tab-portrait=\"\" data-height-mobile-landscape=\"\" style=\"clear:both;display:block;\"><\/div><div class=\"g-cols wpb_row offset_small vc_inner \"><div class=\" one-half\"><div class=\"ult-animation  ult-animate-viewport  ult-no-mobile\" data-animate=\"fadeIn\" data-animation-delay=\"0\" data-animation-duration=\"3\" data-animation-iteration=\"1\" style=\"opacity:0;\" data-opacity_start_effect=\"\"><div class=\"ult-just-icon-wrapper \"><div class=\"align-icon\" style=\"text-align:center;\">\n<div class=\"aio-icon-img \" style=\"font-size:780px;display:inline-block;\" >\n\t<img decoding=\"async\" class=\"img-icon\" alt=\"\" src=\"https:\/\/iren-agro.com\/wp-content\/uploads\/2024\/10\/iren-\u0441\u0435\u0440\u0442\u0438\u0444\u0456\u043a\u0430\u04421.png\"\/>\n<\/div><\/div><\/div><\/div><\/div><div class=\" one-half\"><div class=\"ult-animation  ult-animate-viewport  ult-no-mobile\" data-animate=\"fadeIn\" data-animation-delay=\"0\" data-animation-duration=\"3\" data-animation-iteration=\"1\" style=\"opacity:0;\" data-opacity_start_effect=\"\"><div class=\"ult-just-icon-wrapper \"><div class=\"align-icon\" style=\"text-align:center;\">\n<div class=\"aio-icon-img \" style=\"font-size:800px;display:inline-block;\" >\n\t<img decoding=\"async\" class=\"img-icon\" alt=\"\" src=\"https:\/\/iren-agro.com\/wp-content\/uploads\/2024\/10\/iren-\u0441\u0435\u0440\u0442\u0438\u0444\u0456\u043a\u0430\u04422.png\"\/>\n<\/div><\/div><\/div><\/div><\/div><\/div><\/div><\/div><\/div><\/section>\n","protected":false},"excerpt":{"rendered":"[vc_custom_heading text=\"acerca de nosotros\" font_container=\"tag:h2|font_size:18|text_align:center|color:%231467c3\" google_fonts=\"font_family:Signika%3A300%2Cregular%2C600%2C700|font_style:400%20regular%3A400%3Anormal\"][vc_custom_heading text=\"Nuestra historia\" font_container=\"tag:h2|font_size:36|text_align:center|color:%23fdc101\" google_fonts=\"font_family:Signika%3A300%2Cregular%2C600%2C700|font_style:600%20bold%20regular%3A600%3Anormal\"][vc_custom_heading text=\"Me llamo Serhiy Parashchenko y soy un agricultor con m\u00e1s de 20 a\u00f1os de experiencia en el cultivo del ajo. He dedicado toda mi vida a encontrar la variedad de ajo perfecta que combine alto rendimiento, resistencia a las enfermedades y reproducci\u00f3n r\u00e1pida. Tras muchos...","protected":false},"author":2,"featured_media":0,"parent":0,"menu_order":0,"comment_status":"closed","ping_status":"closed","template":"","meta":{"footnotes":""},"class_list":["post-37","page","type-page","status-publish","hentry"],"_links":{"self":[{"href":"https:\/\/iren-agro.com\/esp\/wp-json\/wp\/v2\/pages\/37","targetHints":{"allow":["GET"]}}],"collection":[{"href":"https:\/\/iren-agro.com\/esp\/wp-json\/wp\/v2\/pages"}],"about":[{"href":"https:\/\/iren-agro.com\/esp\/wp-json\/wp\/v2\/types\/page"}],"author":[{"embeddable":true,"href":"https:\/\/iren-agro.com\/esp\/wp-json\/wp\/v2\/users\/2"}],"replies":[{"embeddable":true,"href":"https:\/\/iren-agro.com\/esp\/wp-json\/wp\/v2\/comments?post=37"}],"version-history":[{"count":2,"href":"https:\/\/iren-agro.com\/esp\/wp-json\/wp\/v2\/pages\/37\/revisions"}],"predecessor-version":[{"id":39,"href":"https:\/\/iren-agro.com\/esp\/wp-json\/wp\/v2\/pages\/37\/revisions\/39"}],"wp:attachment":[{"href":"https:\/\/iren-agro.com\/esp\/wp-json\/wp\/v2\/media?parent=37"}],"curies":[{"name":"wp","href":"https:\/\/api.w.org\/{rel}","templated":true}]}}